{"id":5711,"date":"2025-04-17T08:38:35","date_gmt":"2025-04-17T13:38:35","guid":{"rendered":"https:\/\/bourses-b4akfqebc9aqdbcc.canadaeast-01.azurewebsites.net\/?page_id=5711"},"modified":"2025-05-15T09:41:40","modified_gmt":"2025-05-15T14:41:40","slug":"minscrire-au-concours","status":"publish","type":"page","link":"https:\/\/boursesqma.com\/en\/minscrire-au-concours\/","title":{"rendered":"M\u2019inscrire au concours"},"content":{"rendered":"<div class=\"wp-block-group alignfull has-global-padding is-layout-constrained wp-container-core-group-is-layout-2 wp-block-group-is-layout-constrained has-background\" style=\"padding-top:var(--wp--preset--spacing--50);padding-right:var(--wp--preset--spacing--50);padding-bottom:var(--wp--preset--spacing--50);padding-left:var(--wp--preset--spacing--50);background-image:url(&#039;\/wp-content\/uploads\/2025\/05\/VilleQuebec-1.png&#039;);background-position:50% 50%;background-size:cover;background-attachment:fixed;\">\n<div class=\"wp-block-group has-global-padding is-layout-constrained wp-container-core-group-is-layout-1 wp-block-group-is-layout-constrained\">\n<h1 class=\"wp-block-heading has-text-align-center has-x-large-font-size\">M\u2019inscrire au concours<\/h1>\n\n\n\n<div style=\"height:1.25rem\" aria-hidden=\"true\" class=\"wp-block-spacer\"><\/div>\n\n\n\n<p class=\"has-text-align-center\">Vous trouverez ci-bas les consignes pour l\u2019inscription au Concours de bourses 2024-2025.<\/p>\n\n\n\n<div style=\"height:1.25rem\" aria-hidden=\"true\" class=\"wp-block-spacer\"><\/div>\n<\/div>\n\n\n\n<div class=\"wp-block-buttons is-content-justification-center is-layout-flex wp-container-core-buttons-is-layout-1 wp-block-buttons-is-layout-flex\">\n<div class=\"wp-block-button\"><a class=\"wp-block-button__link has-text-align-center wp-element-button\"><strong>En savoir plus<\/strong><\/a><\/div>\n<\/div>\n<\/div>\n\n\n\n<div class=\"wp-block-group alignfull has-base-2-background-color has-background has-global-padding is-layout-constrained wp-container-core-group-is-layout-4 wp-block-group-is-layout-constrained\" style=\"margin-top:0;margin-bottom:0;padding-top:var(--wp--preset--spacing--30);padding-right:var(--wp--preset--spacing--50);padding-bottom:var(--wp--preset--spacing--30);padding-left:var(--wp--preset--spacing--50)\">\n<div class=\"wp-block-group is-vertical is-content-justification-center is-layout-flex wp-container-core-group-is-layout-3 wp-block-group-is-layout-flex\">\n<h2 class=\"wp-block-heading has-text-align-center is-style-default has-base-2-background-color has-background\">Crit\u00e8res d\u2019admissibilit\u00e9<\/h2>\n\n\n\n<p class=\"has-text-align-center has-base-2-background-color has-background\">Vous devez r\u00e9pondre aux crit\u00e8res d\u2019admissibilit\u00e9 suivants pour pouvoir participer au concours de bourses d\u2019excellence et d\u2019exemption des droits de scolarit\u00e9<\/p>\n\n\n\n<hr class=\"wp-block-separator has-alpha-channel-opacity\"\/>\n<\/div>\n\n\n\n<div style=\"margin-top:0;margin-bottom:0;height:var(--wp--preset--spacing--40)\" aria-hidden=\"true\" class=\"wp-block-spacer\"><\/div>\n\n\n\n<div class=\"wp-block-columns alignwide is-layout-flex wp-container-core-columns-is-layout-1 wp-block-columns-is-layout-flex\">\n<div class=\"wp-block-column is-layout-flow wp-container-core-column-is-layout-1 wp-block-column-is-layout-flow\">\n<h3 class=\"wp-block-heading has-text-align-left is-style-asterisk has-body-font-family has-medium-font-size\" style=\"font-style:normal;font-weight:600\"><strong>Age<\/strong><\/h3>\n\n\n\n<p class=\"has-text-align-left\">\u00catre ag\u00e9-e d\u2019au moins 18 ans au moment de d\u00e9poser sa demande au concours de bourses. Il n\u2019y a pas de limite sup\u00e9rieure d\u2019\u00e2ge<\/p>\n<\/div>\n\n\n\n<div class=\"wp-block-column is-layout-flow wp-container-core-column-is-layout-2 wp-block-column-is-layout-flow\">\n<h3 class=\"wp-block-heading has-text-align-left is-style-asterisk has-body-font-family has-medium-font-size\" style=\"font-style:normal;font-weight:600\"><strong>Nationality<\/strong><\/h3>\n\n\n\n<p class=\"has-text-align-left\">Be of nationality&nbsp;<strong>other than French or Canadian<\/strong>. Les candidatures des pays membres de la Francophonie (outre la France, incluant les DOM-TOM) et des pays des march\u00e9s porteurs de l\u2019Asie (Chine, Inde, Japon) et des Am\u00e9riques (Mexique, Br\u00e9sil) seront prioris\u00e9es<\/p>\n<\/div>\n\n\n\n<div class=\"wp-block-column is-layout-flow wp-container-core-column-is-layout-3 wp-block-column-is-layout-flow\">\n<h3 class=\"wp-block-heading has-text-align-left is-style-asterisk has-body-font-family has-medium-font-size\" style=\"font-style:normal;font-weight:600\"><strong>Citizenship<\/strong><\/h3>\n\n\n\n<p class=\"has-text-align-left\">Ne pas avoir la citoyennet\u00e9 canadienne ni le statut de r\u00e9sident permanent du Canada, ou \u00eatre en d\u00e9marche d\u2019obtention de la r\u00e9sidence permanente en vertu des lois canadiennes de l\u2019immigration.<\/p>\n\n\n\n<p class=\"has-text-align-left\"><\/p>\n<\/div>\n<\/div>\n\n\n\n<div style=\"height:var(--wp--preset--spacing--20)\" aria-hidden=\"true\" class=\"wp-block-spacer\"><\/div>\n\n\n\n<div class=\"wp-block-columns alignwide is-layout-flex wp-container-core-columns-is-layout-2 wp-block-columns-is-layout-flex\">\n<div class=\"wp-block-column is-layout-flow wp-container-core-column-is-layout-4 wp-block-column-is-layout-flow\">\n<h3 class=\"wp-block-heading has-text-align-left is-style-asterisk has-body-font-family has-medium-font-size\" style=\"font-style:normal;font-weight:600\"><strong>\u00c0 l\u2019ext\u00e9rieur du Canada<\/strong><\/h3>\n\n\n\n<p class=\"has-text-align-left\">Be&nbsp;<strong>outside Canada<\/strong>&nbsp;au moment de soumettre sa demande et jusqu\u2019\u00e0 l\u2019annonce des candidatures s\u00e9lectionn\u00e9es<\/p>\n<\/div>\n\n\n\n<div class=\"wp-block-column is-layout-flow wp-container-core-column-is-layout-5 wp-block-column-is-layout-flow\">\n<h3 class=\"wp-block-heading has-text-align-left is-style-asterisk has-body-font-family has-medium-font-size\" style=\"font-style:normal;font-weight:600\"><strong>Scholarship<\/strong><\/h3>\n\n\n\n<p class=\"has-text-align-left\">Not&nbsp;<strong>have&nbsp;<\/strong>avoir b\u00e9n\u00e9fici\u00e9 ant\u00e9rieurement d\u2019une bourse&nbsp;pour effectuer des \u00e9tudes d\u2019un niveau \u00e9gal ou sup\u00e9rieur au Qu\u00e9bec. De plus, le cumul de bourses durant une m\u00eame ann\u00e9e scolaire n\u2019est pas autoris\u00e9<\/p>\n<\/div>\n\n\n\n<div class=\"wp-block-column is-layout-flow wp-container-core-column-is-layout-6 wp-block-column-is-layout-flow\">\n<h3 class=\"wp-block-heading has-text-align-left is-style-asterisk has-body-font-family has-medium-font-size\" style=\"font-style:normal;font-weight:600\"><strong>Programme d\u2019\u00e9tudes<\/strong><\/h3>\n\n\n\n<p class=\"has-text-align-left\">Satisfaire aux conditions d\u2019admission du programme d\u2019\u00e9tudes souhait\u00e9<\/p>\n<\/div>\n<\/div>\n\n\n\n<div style=\"height:var(--wp--preset--spacing--20)\" aria-hidden=\"true\" class=\"wp-block-spacer\"><\/div>\n\n\n\n<div class=\"wp-block-columns alignwide is-layout-flex wp-container-core-columns-is-layout-3 wp-block-columns-is-layout-flex\">\n<div class=\"wp-block-column is-layout-flow wp-container-core-column-is-layout-7 wp-block-column-is-layout-flow\">\n<h3 class=\"wp-block-heading has-text-align-left is-style-asterisk has-body-font-family has-medium-font-size\" style=\"font-style:normal;font-weight:600\"><strong><strong>English level<\/strong><\/strong><\/h3>\n\n\n\n<p class=\"has-text-align-left\">D\u00e9montrer un niveau de fran\u00e7ais permettant la r\u00e9ussite d\u2019un programme de formation professionnelle<\/p>\n<\/div>\n\n\n\n<div class=\"wp-block-column is-layout-flow wp-container-core-column-is-layout-8 wp-block-column-is-layout-flow\">\n<h3 class=\"wp-block-heading has-text-align-left is-style-asterisk has-body-font-family has-medium-font-size\" style=\"font-style:normal;font-weight:600\"><strong><strong>Assistance<\/strong><\/strong><\/h3>\n\n\n\n<p class=\"has-text-align-left\">Ne pas avoir pay\u00e9 une commission \u00e0 une organisation ou une personne tierce afin d\u2019\u00eatre accompagn\u00e9 dans le cadre du concours de bourses d\u2019excellence<\/p>\n<\/div>\n\n\n\n<div class=\"wp-block-column is-layout-flow wp-container-core-column-is-layout-9 wp-block-column-is-layout-flow\">\n<h3 class=\"wp-block-heading has-text-align-left is-style-asterisk has-body-font-family has-medium-font-size\" style=\"font-style:normal;font-weight:600\"><strong><strong>Fraud<\/strong><\/strong><\/h3>\n\n\n\n<p class=\"has-text-align-left\">Ne pas avoir \u00e9t\u00e9 reconnu coupable d\u2019un d\u00e9p\u00f4t de candidature contenant des documents frauduleux par le pass\u00e9 lors d\u2019une demande de participation \u00e0 ce programme ou \u00e0 tout autre programme du minist\u00e8re de l\u2019\u00c9ducation<\/p>\n<\/div>\n<\/div>\n\n\n\n<div class=\"wp-block-columns alignwide is-layout-flex wp-container-core-columns-is-layout-4 wp-block-columns-is-layout-flex\">\n<div class=\"wp-block-column is-layout-flow wp-container-core-column-is-layout-10 wp-block-column-is-layout-flow\">\n<h3 class=\"wp-block-heading has-text-align-left is-style-asterisk has-body-font-family has-medium-font-size\" style=\"font-style:normal;font-weight:600\"><strong><strong><strong>Financial capacity<\/strong><\/strong><\/strong><\/h3>\n\n\n\n<p class=\"has-text-align-left\">D\u00e9clarer avoir la capacit\u00e9 financi\u00e8re demand\u00e9e<\/p>\n<\/div>\n<\/div>\n<\/div>\n\n\n\n<div class=\"wp-block-group alignfull has-global-padding is-layout-constrained wp-container-core-group-is-layout-10 wp-block-group-is-layout-constrained\" style=\"margin-top:0;margin-bottom:0;padding-top:var(--wp--preset--spacing--50);padding-right:var(--wp--preset--spacing--50);padding-bottom:var(--wp--preset--spacing--50);padding-left:var(--wp--preset--spacing--50)\">\n<div class=\"wp-block-group is-vertical is-content-justification-center is-layout-flex wp-container-core-group-is-layout-5 wp-block-group-is-layout-flex\">\n<h2 class=\"wp-block-heading has-text-align-center has-xx-large-font-size\"><strong>Steps to follow<\/strong><\/h2>\n\n\n\n<p class=\"has-text-align-center\">Suivez ces \u00e9tapes avant de vous inscrire<\/p>\n<\/div>\n\n\n\n<div style=\"height:var(--wp--preset--spacing--30)\" aria-hidden=\"true\" class=\"wp-block-spacer\"><\/div>\n\n\n\n<div class=\"wp-block-columns alignwide is-layout-flex wp-container-core-columns-is-layout-5 wp-block-columns-is-layout-flex\" style=\"padding-right:0;padding-left:0\">\n<div class=\"wp-block-column is-layout-flow wp-block-column-is-layout-flow\">\n<figure class=\"wp-block-image size-full is-style-rounded wp-duotone-unset-2 is-style-rounded--1\"><img loading=\"lazy\" decoding=\"async\" width=\"500\" height=\"500\" src=\"\/wp-content\/uploads\/2025\/04\/1.png\" alt=\"\" class=\"wp-image-5725\" style=\"aspect-ratio:1;object-fit:cover\" srcset=\"\/wp-content\/uploads\/2025\/04\/1.png 500w, \/wp-content\/uploads\/2025\/04\/1-300x300.png 300w, \/wp-content\/uploads\/2025\/04\/1-150x150.png 150w\" sizes=\"auto, (max-width: 500px) 100vw, 500px\" \/><\/figure>\n\n\n\n<div class=\"wp-block-group is-vertical is-content-justification-center is-nowrap is-layout-flex wp-container-core-group-is-layout-6 wp-block-group-is-layout-flex\">\n<h3 class=\"wp-block-heading has-text-align-center has-small-font-size\"><strong><strong>Eligibility<\/strong><\/strong><\/h3>\n\n\n\n<p class=\"has-text-align-center has-small-font-size\">D\u00e9terminez si vous \u00eates admissibles au concours (voir les crit\u00e8res d\u2019admissibilit\u00e9s ci-haut)<\/p>\n<\/div>\n<\/div>\n\n\n\n<div class=\"wp-block-column is-layout-flow wp-block-column-is-layout-flow\">\n<figure class=\"wp-block-image size-full is-style-rounded wp-duotone-unset-4 is-style-rounded--3\"><img loading=\"lazy\" decoding=\"async\" width=\"500\" height=\"500\" src=\"\/wp-content\/uploads\/2025\/04\/2.png\" alt=\"\" class=\"wp-image-5726\" style=\"aspect-ratio:1;object-fit:cover\" srcset=\"\/wp-content\/uploads\/2025\/04\/2.png 500w, \/wp-content\/uploads\/2025\/04\/2-300x300.png 300w, \/wp-content\/uploads\/2025\/04\/2-150x150.png 150w\" sizes=\"auto, (max-width: 500px) 100vw, 500px\" \/><\/figure>\n\n\n\n<div class=\"wp-block-group is-vertical is-content-justification-center is-nowrap is-layout-flex wp-container-core-group-is-layout-7 wp-block-group-is-layout-flex\">\n<h3 class=\"wp-block-heading has-text-align-center has-small-font-size\"><strong><strong>Choix de formation<\/strong><\/strong><\/h3>\n\n\n\n<p class=\"has-text-align-center has-small-font-size\">Faites votre choix de formation et de centre de formation dans la liste propos\u00e9e. <br>(1 seul choix possible)<\/p>\n<\/div>\n<\/div>\n\n\n\n<div class=\"wp-block-column is-layout-flow wp-block-column-is-layout-flow\">\n<figure class=\"wp-block-image size-full is-style-rounded wp-duotone-unset-6 is-style-rounded--5\"><img loading=\"lazy\" decoding=\"async\" width=\"500\" height=\"500\" src=\"\/wp-content\/uploads\/2025\/04\/3.png\" alt=\"\" class=\"wp-image-5727\" style=\"aspect-ratio:1;object-fit:cover\" srcset=\"\/wp-content\/uploads\/2025\/04\/3.png 500w, \/wp-content\/uploads\/2025\/04\/3-300x300.png 300w, \/wp-content\/uploads\/2025\/04\/3-150x150.png 150w\" sizes=\"auto, (max-width: 500px) 100vw, 500px\" \/><\/figure>\n\n\n\n<div class=\"wp-block-group is-vertical is-content-justification-center is-nowrap is-layout-flex wp-container-core-group-is-layout-8 wp-block-group-is-layout-flex\">\n<h3 class=\"wp-block-heading has-text-align-center has-small-font-size\"><strong><strong>Formulaire de pr\u00e9qualification<\/strong><\/strong><\/h3>\n\n\n\n<p class=\"has-text-align-center has-small-font-size\">Si vous \u00eates bien admissibles au concours, vous serez invit\u00e9 \u00e0 soumettre votre demande. Si vous n\u2019\u00eates admissible, vous ne pourrez pas soumettre votre demande<\/p>\n<\/div>\n<\/div>\n\n\n\n<div class=\"wp-block-column is-layout-flow wp-block-column-is-layout-flow\">\n<figure class=\"wp-block-image size-full is-style-rounded wp-duotone-unset-8 is-style-rounded--7\"><img loading=\"lazy\" decoding=\"async\" width=\"500\" height=\"500\" src=\"\/wp-content\/uploads\/2025\/04\/4.png\" alt=\"\" class=\"wp-image-5728\" style=\"aspect-ratio:1;object-fit:cover\" srcset=\"\/wp-content\/uploads\/2025\/04\/4.png 500w, \/wp-content\/uploads\/2025\/04\/4-300x300.png 300w, \/wp-content\/uploads\/2025\/04\/4-150x150.png 150w\" sizes=\"auto, (max-width: 500px) 100vw, 500px\" \/><\/figure>\n\n\n\n<div class=\"wp-block-group is-vertical is-content-justification-center is-nowrap is-layout-flex wp-container-core-group-is-layout-9 wp-block-group-is-layout-flex\">\n<h3 class=\"wp-block-heading has-text-align-center has-small-font-size\"><strong><strong>Register<\/strong><\/strong><\/h3>\n\n\n\n<p class=\"has-text-align-center has-small-font-size\">Gr\u00e2ce au lien obtenu \u00e0 la suite du formulaire de pr\u00e9qualification, remplissez votre demande sur la plateforme d\u00e9di\u00e9e au concours de bourses<\/p>\n\n\n\n<p class=\"has-text-align-center has-small-font-size\"><\/p>\n<\/div>\n<\/div>\n<\/div>\n<\/div>\n\n\n\n<div class=\"wp-block-group alignfull has-base-color has-contrast-background-color has-text-color has-background has-link-color wp-elements-50ac9be87fbe208a530e2cee4c959a97 has-global-padding is-layout-constrained wp-container-core-group-is-layout-12 wp-block-group-is-layout-constrained\" style=\"margin-top:0;margin-bottom:0;padding-top:var(--wp--preset--spacing--50);padding-right:var(--wp--preset--spacing--50);padding-bottom:var(--wp--preset--spacing--50);padding-left:var(--wp--preset--spacing--50)\">\n<div class=\"wp-block-group alignwide has-contrast-background-color has-background is-layout-flow wp-block-group-is-layout-flow\">\n<h2 class=\"wp-block-heading alignwide has-base-2-color has-contrast-background-color has-text-color has-background has-link-color wp-elements-5977c3ff36306b7082d2f965e7a5d50d\"><strong>Prepare your application<\/strong><\/h2>\n\n\n\n<hr class=\"wp-block-separator has-text-color has-base-color has-alpha-channel-opacity has-base-background-color has-background is-style-wide\" style=\"margin-top:var(--wp--preset--spacing--30);margin-bottom:var(--wp--preset--spacing--30)\"\/>\n\n\n\n<h3 class=\"wp-block-heading alignwide has-base-2-color has-contrast-background-color has-text-color has-background has-link-color wp-elements-b9028942ffb45e6113d19d830ff110c8\">1. Formulaire de candidature<\/h3>\n\n\n\n<p class=\"has-contrast-1-color has-text-color has-link-color wp-elements-dae5ead05813ddc9b2573225250db5dd\">Le formulaire de candidature inclut :<\/p>\n\n\n\n<ul class=\"wp-block-list\">\n<li>informations personnelles ;<\/li>\n\n\n\n<li>motivations, int\u00e9r\u00eats et projets futurs ;<\/li>\n\n\n\n<li>parcours professionnel d\u00e9taill\u00e9 ;<\/li>\n\n\n\n<li>d\u00e9tail des bourses ou des prix re\u00e7us (maximum 2).<\/li>\n<\/ul>\n\n\n\n<hr class=\"wp-block-separator has-text-color has-contrast-color has-alpha-channel-opacity has-contrast-background-color has-background is-style-wide\" style=\"margin-top:var(--wp--preset--spacing--30);margin-bottom:var(--wp--preset--spacing--30)\"\/>\n\n\n\n<h3 class=\"wp-block-heading alignwide has-base-2-color has-text-color has-link-color wp-elements-fcf2a1135fa3d04744d95414c173c4d6\">2. Copie de la page d\u2019identification de votre passeport<\/h3>\n\n\n\n<hr class=\"wp-block-separator has-text-color has-base-color has-alpha-channel-opacity has-base-background-color has-background is-style-wide\" style=\"margin-top:var(--wp--preset--spacing--30);margin-bottom:var(--wp--preset--spacing--30)\"\/>\n\n\n\n<h3 class=\"wp-block-heading alignwide has-base-2-color has-text-color has-link-color wp-elements-285eb23409504262b94fad8a351385ae\">3. Copie de votre acte ou certificat de naissance original&nbsp;<\/h3>\n\n\n\n<hr class=\"wp-block-separator has-text-color has-base-color has-alpha-channel-opacity has-base-background-color has-background is-style-wide\" style=\"margin-top:var(--wp--preset--spacing--30);margin-bottom:var(--wp--preset--spacing--30)\"\/>\n\n\n\n<h3 class=\"wp-block-heading alignwide has-base-2-color has-text-color has-link-color wp-elements-a794a32911553bc3619cbfc96649f2fc\">4. Une copie de tous les dipl\u00f4mes obtenus, accompagn\u00e9s des relev\u00e9s de notes*<\/h3>\n\n\n\n<hr class=\"wp-block-separator has-text-color has-base-color has-alpha-channel-opacity has-base-background-color has-background is-style-wide\" style=\"margin-top:var(--wp--preset--spacing--30);margin-bottom:var(--wp--preset--spacing--30)\"\/>\n\n\n\n<h3 class=\"wp-block-heading alignwide has-base-2-color has-text-color has-link-color wp-elements-674a1ce1f11fd582aacbb4a45794518e\">5. &nbsp;Une copie de tous les dipl\u00f4mes obtenus&nbsp;<\/h3>\n\n\n\n<hr class=\"wp-block-separator has-text-color has-base-color has-alpha-channel-opacity has-base-background-color has-background is-style-wide\" style=\"margin-top:var(--wp--preset--spacing--30);margin-bottom:var(--wp--preset--spacing--30)\"\/>\n\n\n\n<h3 class=\"wp-block-heading alignwide has-base-2-color has-text-color has-link-color wp-elements-9bfa665b0231de13932433f64635e815\">6. Une copie de votre r\u00e9sultat au test de fran\u00e7ais (TFI\/TCF\/TEF\/DELF\/DALF)<\/h3>\n\n\n\n<p>SAUF si vous avez compl\u00e9t\u00e9 des \u00e9tudes sup\u00e9rieures d\u2019au moins 2 ans exclusivement en fran\u00e7ais ou si vous avez un dipl\u00f4me \u00e9mis par l\u2019\u00c9tat fran\u00e7ais. Au besoin, vous pouvez vous inscrire au Test de fran\u00e7ais en ligne (TFL), valide dans le cadre du concours, \u00e0 partir du dossier d\u2019inscription au concours de bourse ;<\/p>\n\n\n\n<hr class=\"wp-block-separator has-text-color has-base-color has-alpha-channel-opacity has-base-background-color has-background is-style-wide\" style=\"margin-top:var(--wp--preset--spacing--30);margin-bottom:var(--wp--preset--spacing--30)\"\/>\n\n\n\n<h3 class=\"wp-block-heading alignwide has-base-2-color has-text-color has-link-color wp-elements-d35e73ad4c0fe4791c40adb056a3bb63\">7. Une copie des bourses et\/ou prix re\u00e7us (maximum 2), si pertinents et si applicable<\/h3>\n\n\n\n<hr class=\"wp-block-separator has-text-color has-base-color has-alpha-channel-opacity has-base-background-color has-background is-style-wide\" style=\"margin-top:var(--wp--preset--spacing--30);margin-bottom:var(--wp--preset--spacing--30)\"\/>\n\n\n\n<h3 class=\"wp-block-heading alignwide has-base-2-color has-text-color has-link-color wp-elements-3c0e93e2d89fc0fe827ac1cfbf2e61f7\">8. Des&nbsp;<a href=\"https:\/\/www.quebecmetiersdavenir.com\/wp-content\/uploads\/FR-Annexe-3-Formulaire-de-recommandation.pdf\">formulaires de recommandation<\/a>, compl\u00e9t\u00e9s par des personnes diff\u00e9rentes* (maximum 2)<\/h3>\n\n\n\n<hr class=\"wp-block-separator has-text-color has-base-color has-alpha-channel-opacity has-base-background-color has-background is-style-wide\" style=\"margin-top:var(--wp--preset--spacing--30);margin-bottom:var(--wp--preset--spacing--30)\"\/>\n\n\n\n<h3 class=\"wp-block-heading alignwide has-base-2-color has-text-color has-link-color wp-elements-253b6a38bcf27968a4c5f81a829b1894\">9. Votre CV<\/h3>\n\n\n\n<div style=\"margin-top:var(--wp--preset--spacing--10);margin-bottom:0;height:var(--wp--preset--spacing--10)\" aria-hidden=\"true\" class=\"wp-block-spacer\"><\/div>\n\n\n\n<div style=\"margin-top:var(--wp--preset--spacing--10);margin-bottom:0;height:45px\" aria-hidden=\"true\" class=\"wp-block-spacer\"><\/div>\n\n\n\n<p>*\u00c0 noter que vous devez fusionner les documents de chaque programme scolaire en un seul fichier pour le t\u00e9l\u00e9versement. Par exemple, votre dipl\u00f4me et relev\u00e9 de notes du Bac doivent \u00eatre fusionn\u00e9s en un seul fichier.<\/p>\n\n\n\n<p>**Les membres de la famille et les amis ne peuvent pas agir en tant que r\u00e9pondants pour les formulaires de recommandation.<\/p>\n<\/div>\n<\/div>\n\n\n\n<div class=\"wp-block-group alignfull has-global-padding is-layout-constrained wp-container-core-group-is-layout-14 wp-block-group-is-layout-constrained\" style=\"margin-top:0;margin-bottom:0;padding-top:var(--wp--preset--spacing--50);padding-right:var(--wp--preset--spacing--50);padding-bottom:var(--wp--preset--spacing--50);padding-left:var(--wp--preset--spacing--50)\">\n<div class=\"wp-block-group alignwide has-base-2-background-color has-background has-global-padding is-layout-constrained wp-container-core-group-is-layout-13 wp-block-group-is-layout-constrained\" style=\"border-radius:16px;padding-top:var(--wp--preset--spacing--40);padding-right:var(--wp--preset--spacing--50);padding-bottom:var(--wp--preset--spacing--40);padding-left:var(--wp--preset--spacing--50)\">\n<div style=\"height:var(--wp--preset--spacing--10)\" aria-hidden=\"true\" class=\"wp-block-spacer\"><\/div>\n\n\n\n<h2 class=\"wp-block-heading has-text-align-center has-x-large-font-size\">Warning<\/h2>\n\n\n\n<p class=\"has-text-align-center\">Tout dossier incomplet, illisible ou non conforme sera rejet\u00e9. Tout dossier comportant des d\u00e9clarations mensong\u00e8res ou des documents frauduleux sera automatique rejet\u00e9, et la ou le candidat-e sera \u00e9limin\u00e9 du concours actuel et des futurs.<\/p>\n\n\n\n<div class=\"wp-block-buttons is-content-justification-center is-layout-flex wp-container-core-buttons-is-layout-2 wp-block-buttons-is-layout-flex\"><\/div>\n\n\n\n<div style=\"height:var(--wp--preset--spacing--10)\" aria-hidden=\"true\" class=\"wp-block-spacer\"><\/div>\n<\/div>\n<\/div>\n\n\n\n<p><\/p>","protected":false},"excerpt":{"rendered":"<p>M\u2019inscrire au concours Vous trouverez ci-bas les consignes pour l\u2019inscription au Concours de bourses 2024-2025. Crit\u00e8res d\u2019admissibilit\u00e9 Vous devez r\u00e9pondre aux crit\u00e8res d\u2019admissibilit\u00e9 suivants pour pouvoir participer au concours de bourses d\u2019excellence et d\u2019exemption des droits de scolarit\u00e9 \u00c2ge \u00catre ag\u00e9-e d\u2019au moins 18 ans au moment de d\u00e9poser sa demande au concours de bourses. [&hellip;]<\/p>","protected":false},"author":2,"featured_media":0,"parent":0,"menu_order":0,"comment_status":"closed","ping_status":"closed","template":"","meta":{"footnotes":""},"class_list":["post-5711","page","type-page","status-publish","hentry"],"_links":{"self":[{"href":"https:\/\/boursesqma.com\/en\/wp-json\/wp\/v2\/pages\/5711","targetHints":{"allow":["GET"]}}],"collection":[{"href":"https:\/\/boursesqma.com\/en\/wp-json\/wp\/v2\/pages"}],"about":[{"href":"https:\/\/boursesqma.com\/en\/wp-json\/wp\/v2\/types\/page"}],"author":[{"embeddable":true,"href":"https:\/\/boursesqma.com\/en\/wp-json\/wp\/v2\/users\/2"}],"replies":[{"embeddable":true,"href":"https:\/\/boursesqma.com\/en\/wp-json\/wp\/v2\/comments?post=5711"}],"version-history":[{"count":18,"href":"https:\/\/boursesqma.com\/en\/wp-json\/wp\/v2\/pages\/5711\/revisions"}],"predecessor-version":[{"id":6182,"href":"https:\/\/boursesqma.com\/en\/wp-json\/wp\/v2\/pages\/5711\/revisions\/6182"}],"wp:attachment":[{"href":"https:\/\/boursesqma.com\/en\/wp-json\/wp\/v2\/media?parent=5711"}],"curies":[{"name":"wp","href":"https:\/\/api.w.org\/{rel}","templated":true}]}}